{"id":4492,"date":"2025-09-26T00:49:05","date_gmt":"2025-09-25T21:49:05","guid":{"rendered":"https:\/\/www.mommipesa.eu\/?page_id=4492"},"modified":"2025-10-10T13:06:24","modified_gmt":"2025-10-10T10:06:24","slug":"noble","status":"publish","type":"page","link":"https:\/\/www.mommipesa.eu\/ru\/galerii\/noble\/","title":{"rendered":"\u0433\u0440\u0443\u043f\u043f\u0430 Noble"},"content":{"rendered":"<p>\u041d\u0430\u0448 \u0441\u0430\u043c\u044b\u0439 \u043d\u043e\u0432\u044b\u0439 \u0434\u043e\u043c, \u0441\u043e\u0432\u0440\u0435\u043c\u0435\u043d\u043d\u0430\u044f \u0441\u0440\u0435\u0434\u0430 \u0438 \u0431\u043e\u043b\u044c\u0448\u0438\u0435 \u0438\u0433\u0440\u043e\u0432\u044b\u0435 \u043f\u043b\u043e\u0449\u0430\u0434\u043a\u0438.<\/p>\n\n\n\n<h3 class=\"wp-block-heading headings\">\u041f\u043e\u043c\u0435\u0449\u0435\u043d\u0438\u044f \u0438 \u0441\u0440\u0435\u0434\u0430<\/h3>\n\n\n\n<p>\u0424\u043e\u0442\u043e\u0433\u0440\u0430\u0444\u0438\u0438 \u0441\u043a\u043e\u0440\u043e \u0431\u0443\u0434\u0443\u0442 \u0434\u043e\u0431\u0430\u0432\u043b\u0435\u043d\u044b...<\/p>\n\n\n\n<h3 class=\"wp-block-heading headings\">\u0417\u0430\u043d\u044f\u0442\u0438\u044f \u0438 \u0438\u0433\u0440\u044b<\/h3>\n\n\n\n<p>\u0424\u043e\u0442\u043e\u0433\u0440\u0430\u0444\u0438\u0438 \u0441\u043a\u043e\u0440\u043e \u0431\u0443\u0434\u0443\u0442 \u0434\u043e\u0431\u0430\u0432\u043b\u0435\u043d\u044b...<\/p>\n\n\n\n<h3 class=\"wp-block-heading headings\">\u0414\u0432\u043e\u0440 \u0438 \u0438\u0433\u0440\u043e\u0432\u044b\u0435 \u043f\u043b\u043e\u0449\u0430\u0434\u043a\u0438<\/h3>\n\n\n\n<p>\u0424\u043e\u0442\u043e\u0433\u0440\u0430\u0444\u0438\u0438 \u0441\u043a\u043e\u0440\u043e \u0431\u0443\u0434\u0443\u0442 \u0434\u043e\u0431\u0430\u0432\u043b\u0435\u043d\u044b...<\/p>\n\n\n\n<h3 class=\"wp-block-heading headings\">\u041c\u0435\u0440\u043e\u043f\u0440\u0438\u044f\u0442\u0438\u044f \u0438 \u043f\u0440\u0430\u0437\u0434\u043d\u0438\u043a\u0438<\/h3>\n\n\n\n<p>\u0424\u043e\u0442\u043e\u0433\u0440\u0430\u0444\u0438\u0438 \u0441\u043a\u043e\u0440\u043e \u0431\u0443\u0434\u0443\u0442 \u0434\u043e\u0431\u0430\u0432\u043b\u0435\u043d\u044b...<\/p>\n\n\n\n<p><\/p>","protected":false},"excerpt":{"rendered":"<p>Meie uusim maja, kaasaegseim keskkond ja suured m\u00e4ngualad. Ruumid ja keskkond Pildid lisamisel... Tegevused ja m\u00e4ngud Pildid lisamisel... \u00d5u ja m\u00e4nguv\u00e4ljakud Pildid lisamisel... \u00dcritused ja peod Pildid lisamisel...<\/p>","protected":false},"author":1,"featured_media":0,"parent":20,"menu_order":2,"comment_status":"closed","ping_status":"closed","template":"","meta":{"footnotes":""},"class_list":["post-4492","page","type-page","status-publish","hentry"],"_links":{"self":[{"href":"https:\/\/www.mommipesa.eu\/ru\/wp-json\/wp\/v2\/pages\/4492","targetHints":{"allow":["GET"]}}],"collection":[{"href":"https:\/\/www.mommipesa.eu\/ru\/wp-json\/wp\/v2\/pages"}],"about":[{"href":"https:\/\/www.mommipesa.eu\/ru\/wp-json\/wp\/v2\/types\/page"}],"author":[{"embeddable":true,"href":"https:\/\/www.mommipesa.eu\/ru\/wp-json\/wp\/v2\/users\/1"}],"replies":[{"embeddable":true,"href":"https:\/\/www.mommipesa.eu\/ru\/wp-json\/wp\/v2\/comments?post=4492"}],"version-history":[{"count":2,"href":"https:\/\/www.mommipesa.eu\/ru\/wp-json\/wp\/v2\/pages\/4492\/revisions"}],"predecessor-version":[{"id":4505,"href":"https:\/\/www.mommipesa.eu\/ru\/wp-json\/wp\/v2\/pages\/4492\/revisions\/4505"}],"up":[{"embeddable":true,"href":"https:\/\/www.mommipesa.eu\/ru\/wp-json\/wp\/v2\/pages\/20"}],"wp:attachment":[{"href":"https:\/\/www.mommipesa.eu\/ru\/wp-json\/wp\/v2\/media?parent=4492"}],"curies":[{"name":"wp","href":"https:\/\/api.w.org\/{rel}","templated":true}]}}