{"id":3996,"date":"2021-06-16T20:52:44","date_gmt":"2021-06-16T17:52:44","guid":{"rendered":"https:\/\/www.mommipesa.eu\/?page_id=3996"},"modified":"2025-10-10T13:33:39","modified_gmt":"2025-10-10T10:33:39","slug":"dokumendid","status":"publish","type":"page","link":"https:\/\/www.mommipesa.eu\/ru\/dokumendid\/","title":{"rendered":"\u041d\u0435\u043e\u0431\u0445\u043e\u0434\u0438\u043c\u044b\u0435 \u0434\u043e\u043a\u0443\u043c\u0435\u043d\u0442\u044b"},"content":{"rendered":"<p><em>\u0417\u0434\u0435\u0441\u044c \u0432\u044b \u043d\u0430\u0439\u0434\u0451\u0442\u0435 \u0432\u0441\u0435 \u0434\u043e\u043a\u0443\u043c\u0435\u043d\u0442\u044b, \u043a\u043e\u0442\u043e\u0440\u044b\u0435 \u043d\u0435\u043e\u0431\u0445\u043e\u0434\u0438\u043c\u044b \u0434\u043b\u044f \u0440\u0435\u0433\u0438\u0441\u0442\u0440\u0430\u0446\u0438\u0438 \u0440\u0435\u0431\u0451\u043d\u043a\u0430 \u0432 M\u00f5mmipesa \u0438 \u0434\u043b\u044f \u043e\u0440\u0433\u0430\u043d\u0438\u0437\u0430\u0446\u0438\u0438 \u043f\u043e\u0432\u0441\u0435\u0434\u043d\u0435\u0432\u043d\u043e\u0439 \u0436\u0438\u0437\u043d\u0438.\n\u0414\u043e\u043a\u0443\u043c\u0435\u043d\u0442\u044b \u043f\u0440\u0435\u0434\u0441\u0442\u0430\u0432\u043b\u0435\u043d\u044b \u0432 \u0444\u043e\u0440\u043c\u0430\u0442\u0435 PDF \u2014 \u0434\u043b\u044f \u0441\u043a\u0430\u0447\u0438\u0432\u0430\u043d\u0438\u044f \u043d\u0430\u0436\u043c\u0438\u0442\u0435 \u0441\u043e\u043e\u0442\u0432\u0435\u0442\u0441\u0442\u0432\u0443\u044e\u0449\u0443\u044e \u043a\u043d\u043e\u043f\u043a\u0443.<\/em>.<\/p>\n\n\n\n<p><\/p>\n\n\n\n<div class=\"wp-block-columns is-layout-flex wp-container-core-columns-is-layout-9d6595d7 wp-block-columns-is-layout-flex\">\n<div class=\"wp-block-column is-layout-flow wp-block-column-is-layout-flow\">\n<ol start=\"1\" class=\"wp-block-list\">\n<li>\ud83d\udcc4<a href=\"https:\/\/www.mommipesa.eu\/wp-content\/uploads\/2025\/09\/Lastehoiu-liitumisavaldus-2025-2026.docx\" class=\"ek-link\">\u0417\u0430\u044f\u0432\u043b\u0435\u043d\u0438\u0435 \u043d\u0430 \u043f\u043e\u0441\u0442\u0443\u043f\u043b\u0435\u043d\u0438\u0435 2025\u20132026<\/a><\/li>\n\n\n\n<li>\ud83e\ude7a<a href=\"https:\/\/www.mommipesa.eu\/wp-content\/uploads\/2025\/09\/LAPSE-TERVISEANKEET.docx\" class=\"ek-link\">\u0410\u043d\u043a\u0435\u0442\u0430 \u043e \u0441\u043e\u0441\u0442\u043e\u044f\u043d\u0438\u0438 \u0437\u0434\u043e\u0440\u043e\u0432\u044c\u044f \u0440\u0435\u0431\u0451\u043d\u043a\u0430<\/a><\/li>\n\n\n\n<li>\u23f0<a href=\"https:\/\/www.mommipesa.eu\/wp-content\/uploads\/2024\/10\/Lastehoiu-paevakava-2024-2025.pdf\" class=\"ek-link\">\u0420\u0430\u0441\u043f\u0438\u0441\u0430\u043d\u0438\u0435 \u0434\u043d\u044f 2025\u20132026<\/a><\/li>\n\n\n\n<li>\ud83d\udcd8<a href=\"https:\/\/www.mommipesa.eu\/wp-content\/uploads\/2025\/09\/Mommipesa-lastehoiu-kodukord-2025-2026-uuendatud-21.07.2025.pdf\" class=\"ek-link\">\u041f\u0440\u0430\u0432\u0438\u043b\u0430 2025\u20132026<\/a><\/li>\n\n\n\n<li>\ud83d\udcb6<a href=\"https:\/\/www.mommipesa.eu\/wp-content\/uploads\/2025\/10\/Mommipesa-hinnakiri-2025-2026.pdf\" class=\"ek-link\">\u041f\u0440\u0430\u0439\u0441-\u043b\u0438\u0441\u0442 2025\u20132026<\/a><\/li>\n\n\n\n<li>\ud83d\udce2<a href=\"https:\/\/www.mommipesa.eu\/wp-content\/uploads\/2022\/12\/Mommipesa-lastehoiu-kaebused-2022-2023.docx\" class=\"ek-link\">\u0424\u043e\u0440\u043c\u0430 \u0436\u0430\u043b\u043e\u0431<\/a><\/li>\n<\/ol>\n<\/div>\n\n\n\n<div class=\"wp-block-column is-layout-flow wp-block-column-is-layout-flow\" style=\"flex-basis:67%\">\n<figure class=\"wp-block-image size-full is-resized\"><img loading=\"lazy\" decoding=\"async\" width=\"755\" height=\"330\" src=\"https:\/\/www.mommipesa.eu\/wp-content\/uploads\/2021\/04\/esimesed_karud-removebg-preview.png\" alt=\"\" class=\"wp-image-28\" style=\"width:398px;height:auto\" srcset=\"https:\/\/www.mommipesa.eu\/wp-content\/uploads\/2021\/04\/esimesed_karud-removebg-preview.png 755w, https:\/\/www.mommipesa.eu\/wp-content\/uploads\/2021\/04\/esimesed_karud-removebg-preview-300x131.png 300w\" sizes=\"auto, (max-width: 755px) 100vw, 755px\" \/><\/figure>\n<\/div>\n<\/div>\n\n\n\n<p><\/p>","protected":false},"excerpt":{"rendered":"<p>Siit leiad k\u00f5ik dokumendid, mis on vajalikud lapse M\u00f5mmipesasse registreerimiseks ja igap\u00e4evaelu korraldamiseks. Dokumendid on pdf kui ka docx vormingus \u2013 allalaadimiseks vajuta vastavale lingile.<\/p>","protected":false},"author":1,"featured_media":0,"parent":0,"menu_order":0,"comment_status":"closed","ping_status":"closed","template":"","meta":{"footnotes":""},"class_list":["post-3996","page","type-page","status-publish","hentry"],"acf":[],"_links":{"self":[{"href":"https:\/\/www.mommipesa.eu\/ru\/wp-json\/wp\/v2\/pages\/3996","targetHints":{"allow":["GET"]}}],"collection":[{"href":"https:\/\/www.mommipesa.eu\/ru\/wp-json\/wp\/v2\/pages"}],"about":[{"href":"https:\/\/www.mommipesa.eu\/ru\/wp-json\/wp\/v2\/types\/page"}],"author":[{"embeddable":true,"href":"https:\/\/www.mommipesa.eu\/ru\/wp-json\/wp\/v2\/users\/1"}],"replies":[{"embeddable":true,"href":"https:\/\/www.mommipesa.eu\/ru\/wp-json\/wp\/v2\/comments?post=3996"}],"version-history":[{"count":5,"href":"https:\/\/www.mommipesa.eu\/ru\/wp-json\/wp\/v2\/pages\/3996\/revisions"}],"predecessor-version":[{"id":4508,"href":"https:\/\/www.mommipesa.eu\/ru\/wp-json\/wp\/v2\/pages\/3996\/revisions\/4508"}],"wp:attachment":[{"href":"https:\/\/www.mommipesa.eu\/ru\/wp-json\/wp\/v2\/media?parent=3996"}],"curies":[{"name":"wp","href":"https:\/\/api.w.org\/{rel}","templated":true}]}}