{"id":4492,"date":"2025-09-26T00:49:05","date_gmt":"2025-09-25T21:49:05","guid":{"rendered":"https:\/\/www.mommipesa.eu\/?page_id=4492"},"modified":"2025-10-10T13:06:24","modified_gmt":"2025-10-10T10:06:24","slug":"noble","status":"publish","type":"page","link":"https:\/\/www.mommipesa.eu\/en\/galerii\/noble\/","title":{"rendered":"Noble group"},"content":{"rendered":"<p>Our newest house, with the most modern environment and large play areas.<\/p>\n\n\n\n<h3 class=\"wp-block-heading headings\">Rooms and Environment<\/h3>\n\n\n\n<p>Photos coming soon...<\/p>\n\n\n\n<h3 class=\"wp-block-heading headings\">Activities and Games<\/h3>\n\n\n\n<p>Photos coming soon...<\/p>\n\n\n\n<h3 class=\"wp-block-heading headings\">Outdoors and Playgrounds<\/h3>\n\n\n\n<p>Photos coming soon...<\/p>\n\n\n\n<h3 class=\"wp-block-heading headings\">Events and Celebrations<\/h3>\n\n\n\n<p>Photos coming soon...<\/p>\n\n\n\n<p><\/p>","protected":false},"excerpt":{"rendered":"<p>Meie uusim maja, kaasaegseim keskkond ja suured m\u00e4ngualad. Ruumid ja keskkond Pildid lisamisel... Tegevused ja m\u00e4ngud Pildid lisamisel... \u00d5u ja m\u00e4nguv\u00e4ljakud Pildid lisamisel... \u00dcritused ja peod Pildid lisamisel...<\/p>","protected":false},"author":1,"featured_media":0,"parent":20,"menu_order":2,"comment_status":"closed","ping_status":"closed","template":"","meta":{"footnotes":""},"class_list":["post-4492","page","type-page","status-publish","hentry"],"acf":[],"_links":{"self":[{"href":"https:\/\/www.mommipesa.eu\/en\/wp-json\/wp\/v2\/pages\/4492","targetHints":{"allow":["GET"]}}],"collection":[{"href":"https:\/\/www.mommipesa.eu\/en\/wp-json\/wp\/v2\/pages"}],"about":[{"href":"https:\/\/www.mommipesa.eu\/en\/wp-json\/wp\/v2\/types\/page"}],"author":[{"embeddable":true,"href":"https:\/\/www.mommipesa.eu\/en\/wp-json\/wp\/v2\/users\/1"}],"replies":[{"embeddable":true,"href":"https:\/\/www.mommipesa.eu\/en\/wp-json\/wp\/v2\/comments?post=4492"}],"version-history":[{"count":2,"href":"https:\/\/www.mommipesa.eu\/en\/wp-json\/wp\/v2\/pages\/4492\/revisions"}],"predecessor-version":[{"id":4505,"href":"https:\/\/www.mommipesa.eu\/en\/wp-json\/wp\/v2\/pages\/4492\/revisions\/4505"}],"up":[{"embeddable":true,"href":"https:\/\/www.mommipesa.eu\/en\/wp-json\/wp\/v2\/pages\/20"}],"wp:attachment":[{"href":"https:\/\/www.mommipesa.eu\/en\/wp-json\/wp\/v2\/media?parent=4492"}],"curies":[{"name":"wp","href":"https:\/\/api.w.org\/{rel}","templated":true}]}}